{"id":2,"date":"2021-03-12T09:46:36","date_gmt":"2021-03-12T09:46:36","guid":{"rendered":"http:\/\/2021.nostalgie-rhein-express.ch\/?page_id=2"},"modified":"2021-03-18T13:25:27","modified_gmt":"2021-03-18T13:25:27","slug":"sample-page","status":"publish","type":"page","link":"https:\/\/nostalgie-rhein-express.ch\/","title":{"rendered":"Aktuelles"},"content":{"rendered":"\n<div class=\"wp-block-columns is-layout-flex wp-container-core-columns-is-layout-9d6595d7 wp-block-columns-is-layout-flex\">\n<div class=\"wp-block-column is-layout-flow wp-block-column-is-layout-flow\">\n<p><\/p>\n\n\n\n<p class=\"has-larger-font-size\"><strong>Zusammenf\u00fchren, was zusammen geh\u00f6rt<\/strong><\/p>\n<\/div>\n\n\n\n<div class=\"wp-block-column is-layout-flow wp-block-column-is-layout-flow\">\n<figure class=\"wp-block-image size-medium is-style-rounded\"><img loading=\"lazy\" decoding=\"async\" width=\"300\" height=\"225\" src=\"https:\/\/onepage.nostalgie-rhein-express.ch\/wp-content\/uploads\/2021\/03\/Personenwagen2021-300x225.jpg\" alt=\"\" class=\"wp-image-65\" srcset=\"https:\/\/nostalgie-rhein-express.ch\/wp-content\/uploads\/2021\/03\/Personenwagen2021-300x225.jpg 300w, https:\/\/nostalgie-rhein-express.ch\/wp-content\/uploads\/2021\/03\/Personenwagen2021.jpg 640w\" sizes=\"auto, (max-width: 300px) 100vw, 300px\" \/><\/figure>\n<\/div>\n<\/div>\n\n\n\n<p style=\"line-height:1.5\">Der Verein 241-A-65 \u00fcbernimmt die 5 verbleibenden SBB-RIC-Seitengangwagen des Nostalgie-Rhein-Express! Zusammenf\u00fchren, was zusammengeh\u00f6rt: Der Verein 241-A-65 ist im aargauischen Full beheimatet. In seinem Depot revidieren die Vereinsmitglieder zurzeit die gr\u00f6sste betriebsf\u00e4hige handbefeuerte Dampflok Europas, die stolze SNCF 241-A-65. Diese Lok mit Baujahr 1931 wurde nach dem 2. Weltkrieg im Schnellzugsverkehr Paris &#8211; Basel eingesetzt. Lok und Wagen passen also perfekt zusammen. Und damit nicht genug: die 2 vereinseigenen SBB-Schwerstahlwagen, ausgebaut als Bar- und Bistrowagen erg\u00e4nzen die Komposition zum perfekten Ausflugszug! Da zeichnet sich ein historischer Schnellzug ab, wie er seit Jahren nicht mehr zu sehen war! <br>Weitere Informationen auf <a rel=\"noreferrer noopener\" href=\"https:\/\/www.241a65.ch\/\" target=\"_blank\">www.241a65.ch<\/a> oder info@241a65.ch<\/p>\n","protected":false},"excerpt":{"rendered":"<p>Zusammenf\u00fchren, was zusammen geh\u00f6rt Der Verein 241-A-65 \u00fcbernimmt die 5 verbleibenden SBB-RIC-Seitengangwagen des Nostalgie-Rhein-Express! Zusammenf\u00fchren, was zusammengeh\u00f6rt: Der Verein 241-A-65 ist im aargauischen Full beheimatet. In seinem Depot revidieren die Vereinsmitglieder zurzeit die gr\u00f6sste betriebsf\u00e4hige handbefeuerte Dampflok Europas, die stolze SNCF 241-A-65. Diese Lok mit Baujahr 1931 wurde nach dem 2. Weltkrieg im Schnellzugsverkehr Paris&#8230;<\/p>\n","protected":false},"author":1,"featured_media":0,"parent":0,"menu_order":0,"comment_status":"closed","ping_status":"closed","template":"","meta":{"_kad_post_transparent":"","_kad_post_title":"","_kad_post_layout":"","_kad_post_sidebar_id":"","_kad_post_content_style":"","_kad_post_vertical_padding":"","_kad_post_feature":"","_kad_post_feature_position":"","_kad_post_header":false,"_kad_post_footer":false,"footnotes":""},"class_list":["post-2","page","type-page","status-publish","hentry"],"_links":{"self":[{"href":"https:\/\/nostalgie-rhein-express.ch\/index.php?rest_route=\/wp\/v2\/pages\/2","targetHints":{"allow":["GET"]}}],"collection":[{"href":"https:\/\/nostalgie-rhein-express.ch\/index.php?rest_route=\/wp\/v2\/pages"}],"about":[{"href":"https:\/\/nostalgie-rhein-express.ch\/index.php?rest_route=\/wp\/v2\/types\/page"}],"author":[{"embeddable":true,"href":"https:\/\/nostalgie-rhein-express.ch\/index.php?rest_route=\/wp\/v2\/users\/1"}],"replies":[{"embeddable":true,"href":"https:\/\/nostalgie-rhein-express.ch\/index.php?rest_route=%2Fwp%2Fv2%2Fcomments&post=2"}],"version-history":[{"count":29,"href":"https:\/\/nostalgie-rhein-express.ch\/index.php?rest_route=\/wp\/v2\/pages\/2\/revisions"}],"predecessor-version":[{"id":147,"href":"https:\/\/nostalgie-rhein-express.ch\/index.php?rest_route=\/wp\/v2\/pages\/2\/revisions\/147"}],"wp:attachment":[{"href":"https:\/\/nostalgie-rhein-express.ch\/index.php?rest_route=%2Fwp%2Fv2%2Fmedia&parent=2"}],"curies":[{"name":"wp","href":"https:\/\/api.w.org\/{rel}","templated":true}]}}